{"id":15,"date":"2026-03-02T14:17:21","date_gmt":"2026-03-02T14:17:21","guid":{"rendered":"https:\/\/gamingklar.de\/?page_id=15"},"modified":"2026-03-10T08:30:13","modified_gmt":"2026-03-10T08:30:13","slug":"startseite","status":"publish","type":"page","link":"https:\/\/gamingklar.de\/en\/","title":{"rendered":"Gaming setup comparison 2026 - The best gaming hardware for FPS"},"content":{"rendered":"<p>The best gaming setups - GamingKlar shows you which setup really suits you.<\/p>\n\n\n\n<p>We test and compare gaming hardware for FPS games such as <strong>Apex Legends, Call of Duty and Valorant<\/strong>.<br>Our recommendations are based on performance, value for money and real user reviews.<\/p>\n\n\n\n<p><\/p>\n\n\n\n<h2 class=\"wp-block-heading\">\ud83d\udd25 Our top recommendations 2026<\/h2>\n\n\n\n<figure class=\"wp-block-table is-style-stripes\"><table class=\"has-fixed-layout\"><tbody><tr><td class=\"has-text-align-center\" data-align=\"center\"><strong>Category<\/strong><\/td><td class=\"has-text-align-center\" data-align=\"center\"><strong>Recommendation<\/strong><\/td><\/tr><tr><td class=\"has-text-align-center\" data-align=\"center\">Gaming mouse<\/td><td class=\"has-text-align-center\" data-align=\"center\">Logitech G Pro X Superlight 2<\/td><\/tr><tr><td class=\"has-text-align-center\" data-align=\"center\">Gaming headset<\/td><td class=\"has-text-align-center\" data-align=\"center\">SteelSeries Arctis Nova 7<\/td><\/tr><tr><td class=\"has-text-align-center\" data-align=\"center\">Gaming monitor<\/td><td class=\"has-text-align-center\" data-align=\"center\">Alienware 360Hz<\/td><\/tr><tr><td class=\"has-text-align-center\" data-align=\"center\">Gaming keyboard<\/td><td class=\"has-text-align-center\" data-align=\"center\">SteelSeries Apex Pro TKL<\/td><\/tr><tr><td class=\"has-text-align-center\" data-align=\"center\">Gaming chair<\/td><td class=\"has-text-align-center\" data-align=\"center\">Secretlab Titan Evo<\/td><\/tr><\/tbody><\/table><\/figure>\n\n\n\n<p><\/p>\n\n\n\n<pre class=\"wp-block-preformatted\">Gaming Hardware<\/pre>\n\n\n\n<div class=\"wp-block-columns is-layout-flex wp-container-core-columns-is-layout-28f84493 wp-block-columns-is-layout-flex\">\n<div class=\"wp-block-column is-layout-flow wp-block-column-is-layout-flow\">\n<figure class=\"wp-block-image size-full is-resized\"><img loading=\"lazy\" decoding=\"async\" width=\"1500\" height=\"1381\" src=\"https:\/\/gamingklar.de\/wp-content\/uploads\/2026\/03\/71FoPiYK9L._AC_SL1500_-1.jpg\" alt=\"Beste Gaming Maus f\u00fcr FPS 2026\" class=\"wp-image-320\" style=\"aspect-ratio:1;object-fit:contain;width:400px;height:auto\" srcset=\"https:\/\/gamingklar.de\/wp-content\/uploads\/2026\/03\/71FoPiYK9L._AC_SL1500_-1.jpg 1500w, https:\/\/gamingklar.de\/wp-content\/uploads\/2026\/03\/71FoPiYK9L._AC_SL1500_-1-300x276.jpg 300w, https:\/\/gamingklar.de\/wp-content\/uploads\/2026\/03\/71FoPiYK9L._AC_SL1500_-1-1024x943.jpg 1024w, https:\/\/gamingklar.de\/wp-content\/uploads\/2026\/03\/71FoPiYK9L._AC_SL1500_-1-768x707.jpg 768w, https:\/\/gamingklar.de\/wp-content\/uploads\/2026\/03\/71FoPiYK9L._AC_SL1500_-1-13x12.jpg 13w\" sizes=\"auto, (max-width: 1500px) 100vw, 1500px\" \/><\/figure>\n\n\n\n<pre class=\"wp-block-preformatted\">Gaming mice<\/pre>\n\n\n\n<p>Die besten Gaming M\u00e4use f\u00fcr FPS und pr\u00e4zises Aim.<\/p>\n\n\n\n<div class=\"wp-block-buttons is-layout-flex wp-block-buttons-is-layout-flex\">\n<div class=\"wp-block-button\"><a class=\"wp-block-button__link wp-element-button\" href=\"https:\/\/gamingklar.de\/en\/category\/gaming-maeuse\/\" target=\"_blank\" rel=\"noreferrer noopener\">Jetzt Vergleichen<\/a><\/div>\n<\/div>\n<\/div>\n\n\n\n<div class=\"wp-block-column is-layout-flow wp-block-column-is-layout-flow\">\n<figure class=\"wp-block-image size-full is-resized\"><img loading=\"lazy\" decoding=\"async\" width=\"1600\" height=\"1600\" src=\"https:\/\/gamingklar.de\/wp-content\/uploads\/2026\/03\/713vLZcw3FL-1-2.jpg\" alt=\"Beste Gaming Tastatur f\u00fcr FPS 2026\" class=\"wp-image-326\" style=\"aspect-ratio:1;object-fit:contain;width:400px;height:auto\" srcset=\"https:\/\/gamingklar.de\/wp-content\/uploads\/2026\/03\/713vLZcw3FL-1-2.jpg 1600w, https:\/\/gamingklar.de\/wp-content\/uploads\/2026\/03\/713vLZcw3FL-1-2-300x300.jpg 300w, https:\/\/gamingklar.de\/wp-content\/uploads\/2026\/03\/713vLZcw3FL-1-2-1024x1024.jpg 1024w, https:\/\/gamingklar.de\/wp-content\/uploads\/2026\/03\/713vLZcw3FL-1-2-150x150.jpg 150w, https:\/\/gamingklar.de\/wp-content\/uploads\/2026\/03\/713vLZcw3FL-1-2-768x768.jpg 768w, https:\/\/gamingklar.de\/wp-content\/uploads\/2026\/03\/713vLZcw3FL-1-2-1536x1536.jpg 1536w, https:\/\/gamingklar.de\/wp-content\/uploads\/2026\/03\/713vLZcw3FL-1-2-12x12.jpg 12w\" sizes=\"auto, (max-width: 1600px) 100vw, 1600px\" \/><\/figure>\n\n\n\n<pre class=\"wp-block-preformatted\">Gaming keyboards<\/pre>\n\n\n\n<p>Mechanische Gaming Tastaturen f\u00fcr schnelle Reaktionen.<\/p>\n\n\n\n<div class=\"wp-block-buttons is-layout-flex wp-block-buttons-is-layout-flex\">\n<div class=\"wp-block-button\"><a class=\"wp-block-button__link wp-element-button\" href=\"https:\/\/gamingklar.de\/en\/category\/gaming-tastaturen\/\" target=\"_blank\" rel=\"noreferrer noopener\">Jetzt Vergleichen<\/a><\/div>\n<\/div>\n<\/div>\n<\/div>\n\n\n\n<div class=\"wp-block-columns is-layout-flex wp-container-core-columns-is-layout-28f84493 wp-block-columns-is-layout-flex\">\n<div class=\"wp-block-column is-layout-flow wp-block-column-is-layout-flow\">\n<figure class=\"wp-block-image size-full is-resized\"><img loading=\"lazy\" decoding=\"async\" width=\"1072\" height=\"1500\" src=\"https:\/\/gamingklar.de\/wp-content\/uploads\/2026\/03\/81pgwHx9ZiL._AC_SL1500_-1.jpg\" alt=\"Beste Gaming Headsets f\u00fcr FPS 2026\" class=\"wp-image-327\" style=\"aspect-ratio:1;object-fit:contain;width:400px;height:auto\" srcset=\"https:\/\/gamingklar.de\/wp-content\/uploads\/2026\/03\/81pgwHx9ZiL._AC_SL1500_-1.jpg 1072w, https:\/\/gamingklar.de\/wp-content\/uploads\/2026\/03\/81pgwHx9ZiL._AC_SL1500_-1-214x300.jpg 214w, https:\/\/gamingklar.de\/wp-content\/uploads\/2026\/03\/81pgwHx9ZiL._AC_SL1500_-1-732x1024.jpg 732w, https:\/\/gamingklar.de\/wp-content\/uploads\/2026\/03\/81pgwHx9ZiL._AC_SL1500_-1-768x1075.jpg 768w, https:\/\/gamingklar.de\/wp-content\/uploads\/2026\/03\/81pgwHx9ZiL._AC_SL1500_-1-9x12.jpg 9w\" sizes=\"auto, (max-width: 1072px) 100vw, 1072px\" \/><\/figure>\n\n\n\n<pre class=\"wp-block-preformatted\">Gaming headsets<\/pre>\n\n\n\n<p>Gaming Headsets mit klarem Sound und starken Mikrofonen.<\/p>\n\n\n\n<div class=\"wp-block-buttons is-layout-flex wp-block-buttons-is-layout-flex\">\n<div class=\"wp-block-button\"><a class=\"wp-block-button__link wp-element-button\" href=\"https:\/\/gamingklar.de\/en\/category\/gaming-headsets\/\" target=\"_blank\" rel=\"noreferrer noopener\">Jetzt Vergleichen<\/a><\/div>\n<\/div>\n<\/div>\n\n\n\n<div class=\"wp-block-column is-layout-flow wp-block-column-is-layout-flow\">\n<figure class=\"wp-block-image size-full is-resized\"><img loading=\"lazy\" decoding=\"async\" width=\"2000\" height=\"1336\" src=\"https:\/\/gamingklar.de\/wp-content\/uploads\/2026\/03\/1734743838868.jpg\" alt=\"Beste Gaming Monitore f\u00fcr FPS 2026\" class=\"wp-image-328\" style=\"aspect-ratio:1;object-fit:contain;width:400px;height:auto\" srcset=\"https:\/\/gamingklar.de\/wp-content\/uploads\/2026\/03\/1734743838868.jpg 2000w, https:\/\/gamingklar.de\/wp-content\/uploads\/2026\/03\/1734743838868-300x200.jpg 300w, https:\/\/gamingklar.de\/wp-content\/uploads\/2026\/03\/1734743838868-1024x684.jpg 1024w, https:\/\/gamingklar.de\/wp-content\/uploads\/2026\/03\/1734743838868-768x513.jpg 768w, https:\/\/gamingklar.de\/wp-content\/uploads\/2026\/03\/1734743838868-1536x1026.jpg 1536w, https:\/\/gamingklar.de\/wp-content\/uploads\/2026\/03\/1734743838868-18x12.jpg 18w\" sizes=\"auto, (max-width: 2000px) 100vw, 2000px\" \/><\/figure>\n\n\n\n<pre class=\"wp-block-preformatted\">Gaming monitors<\/pre>\n\n\n\n<p>144Hz, 240Hz und 360Hz Monitore f\u00fcr fl\u00fcssiges Gameplay.<\/p>\n\n\n\n<div class=\"wp-block-buttons is-layout-flex wp-block-buttons-is-layout-flex\">\n<div class=\"wp-block-button\"><a class=\"wp-block-button__link wp-element-button\" href=\"https:\/\/gamingklar.de\/en\/category\/gaming-monitore\/\" target=\"_blank\" rel=\"noreferrer noopener\">Jetzt Vergleichen<\/a><\/div>\n<\/div>\n<\/div>\n<\/div>\n\n\n\n<p><\/p>\n\n\n\n<pre class=\"wp-block-preformatted\">Gaming Setup<\/pre>\n\n\n\n<div class=\"wp-block-columns is-layout-flex wp-container-core-columns-is-layout-28f84493 wp-block-columns-is-layout-flex\">\n<div class=\"wp-block-column is-layout-flow wp-block-column-is-layout-flow\">\n<figure class=\"wp-block-image size-full is-resized\"><img loading=\"lazy\" decoding=\"async\" width=\"2560\" height=\"1707\" src=\"https:\/\/gamingklar.de\/wp-content\/uploads\/2026\/03\/uriuv8vPd2iDkzdBXchIVhUnCRT82namBUTXkIdVmdloV16AMjOKWmrCIHVXdRaNKk_dTcIksXQdsHRmMoyAKpcjrkfyjNPgHf-m2NTGF04-2-scaled.jpg\" alt=\"Beste Gaming pcs &amp; Laptops f\u00fcr FPS 2026\" class=\"wp-image-329\" style=\"aspect-ratio:1;object-fit:contain;width:400px;height:auto\" srcset=\"https:\/\/gamingklar.de\/wp-content\/uploads\/2026\/03\/uriuv8vPd2iDkzdBXchIVhUnCRT82namBUTXkIdVmdloV16AMjOKWmrCIHVXdRaNKk_dTcIksXQdsHRmMoyAKpcjrkfyjNPgHf-m2NTGF04-2-scaled.jpg 2560w, https:\/\/gamingklar.de\/wp-content\/uploads\/2026\/03\/uriuv8vPd2iDkzdBXchIVhUnCRT82namBUTXkIdVmdloV16AMjOKWmrCIHVXdRaNKk_dTcIksXQdsHRmMoyAKpcjrkfyjNPgHf-m2NTGF04-2-300x200.jpg 300w, https:\/\/gamingklar.de\/wp-content\/uploads\/2026\/03\/uriuv8vPd2iDkzdBXchIVhUnCRT82namBUTXkIdVmdloV16AMjOKWmrCIHVXdRaNKk_dTcIksXQdsHRmMoyAKpcjrkfyjNPgHf-m2NTGF04-2-1024x683.jpg 1024w, https:\/\/gamingklar.de\/wp-content\/uploads\/2026\/03\/uriuv8vPd2iDkzdBXchIVhUnCRT82namBUTXkIdVmdloV16AMjOKWmrCIHVXdRaNKk_dTcIksXQdsHRmMoyAKpcjrkfyjNPgHf-m2NTGF04-2-768x512.jpg 768w, https:\/\/gamingklar.de\/wp-content\/uploads\/2026\/03\/uriuv8vPd2iDkzdBXchIVhUnCRT82namBUTXkIdVmdloV16AMjOKWmrCIHVXdRaNKk_dTcIksXQdsHRmMoyAKpcjrkfyjNPgHf-m2NTGF04-2-1536x1024.jpg 1536w, https:\/\/gamingklar.de\/wp-content\/uploads\/2026\/03\/uriuv8vPd2iDkzdBXchIVhUnCRT82namBUTXkIdVmdloV16AMjOKWmrCIHVXdRaNKk_dTcIksXQdsHRmMoyAKpcjrkfyjNPgHf-m2NTGF04-2-2048x1365.jpg 2048w, https:\/\/gamingklar.de\/wp-content\/uploads\/2026\/03\/uriuv8vPd2iDkzdBXchIVhUnCRT82namBUTXkIdVmdloV16AMjOKWmrCIHVXdRaNKk_dTcIksXQdsHRmMoyAKpcjrkfyjNPgHf-m2NTGF04-2-18x12.jpg 18w\" sizes=\"auto, (max-width: 2560px) 100vw, 2560px\" \/><\/figure>\n\n\n\n<pre class=\"wp-block-preformatted\">Gaming PCs &amp; Laptops<\/pre>\n\n\n\n<p>Die besten Gaming PCs und Laptops f\u00fcr jedes Budget.<\/p>\n\n\n\n<div class=\"wp-block-buttons is-layout-flex wp-block-buttons-is-layout-flex\">\n<div class=\"wp-block-button\"><a class=\"wp-block-button__link wp-element-button\" href=\"https:\/\/gamingklar.de\/en\/category\/gaming-pcs-laptops\/\" target=\"_blank\" rel=\"noreferrer noopener\">Jetzt Vergleichen<\/a><\/div>\n<\/div>\n<\/div>\n\n\n\n<div class=\"wp-block-column is-layout-flow wp-block-column-is-layout-flow\">\n<figure class=\"wp-block-image size-full is-resized\"><img loading=\"lazy\" decoding=\"async\" width=\"600\" height=\"1158\" src=\"https:\/\/gamingklar.de\/wp-content\/uploads\/2026\/03\/410uYasNqFL._AC_UF8941000_QL80_-2.webp\" alt=\"Beste Gaming St\u00fchle f\u00fcr FPS 2026\" class=\"wp-image-330\" style=\"aspect-ratio:1;object-fit:contain;width:400px;height:auto\" srcset=\"https:\/\/gamingklar.de\/wp-content\/uploads\/2026\/03\/410uYasNqFL._AC_UF8941000_QL80_-2.webp 600w, https:\/\/gamingklar.de\/wp-content\/uploads\/2026\/03\/410uYasNqFL._AC_UF8941000_QL80_-2-155x300.webp 155w, https:\/\/gamingklar.de\/wp-content\/uploads\/2026\/03\/410uYasNqFL._AC_UF8941000_QL80_-2-531x1024.webp 531w, https:\/\/gamingklar.de\/wp-content\/uploads\/2026\/03\/410uYasNqFL._AC_UF8941000_QL80_-2-6x12.webp 6w\" sizes=\"auto, (max-width: 600px) 100vw, 600px\" \/><\/figure>\n\n\n\n<pre class=\"wp-block-preformatted\">Gaming chairs<\/pre>\n\n\n\n<p>Ergonomische Gaming St\u00fchle f\u00fcr lange Gaming Sessions.<\/p>\n\n\n\n<div class=\"wp-block-buttons is-layout-flex wp-block-buttons-is-layout-flex\">\n<div class=\"wp-block-button\"><a class=\"wp-block-button__link wp-element-button\" href=\"https:\/\/gamingklar.de\/en\/category\/gaming-stuehle\/\" target=\"_blank\" rel=\"noreferrer noopener\">Jetzt Vergleichen<\/a><\/div>\n<\/div>\n<\/div>\n<\/div>\n\n\n\n<div class=\"wp-block-columns is-layout-flex wp-container-core-columns-is-layout-28f84493 wp-block-columns-is-layout-flex\">\n<div class=\"wp-block-column is-layout-flow wp-block-column-is-layout-flow\">\n<figure class=\"wp-block-image aligncenter size-full is-resized\"><img loading=\"lazy\" decoding=\"async\" width=\"2000\" height=\"2000\" src=\"https:\/\/gamingklar.de\/wp-content\/uploads\/2026\/03\/81BQ50jpyML-2.jpg\" alt=\"Beste Gaming Zubeh\u00f6r f\u00fcr FPS 2026\" class=\"wp-image-332\" style=\"aspect-ratio:1;object-fit:contain;width:400px;height:auto\" srcset=\"https:\/\/gamingklar.de\/wp-content\/uploads\/2026\/03\/81BQ50jpyML-2.jpg 2000w, https:\/\/gamingklar.de\/wp-content\/uploads\/2026\/03\/81BQ50jpyML-2-300x300.jpg 300w, https:\/\/gamingklar.de\/wp-content\/uploads\/2026\/03\/81BQ50jpyML-2-1024x1024.jpg 1024w, https:\/\/gamingklar.de\/wp-content\/uploads\/2026\/03\/81BQ50jpyML-2-150x150.jpg 150w, https:\/\/gamingklar.de\/wp-content\/uploads\/2026\/03\/81BQ50jpyML-2-768x768.jpg 768w, https:\/\/gamingklar.de\/wp-content\/uploads\/2026\/03\/81BQ50jpyML-2-1536x1536.jpg 1536w, https:\/\/gamingklar.de\/wp-content\/uploads\/2026\/03\/81BQ50jpyML-2-12x12.jpg 12w\" sizes=\"auto, (max-width: 2000px) 100vw, 2000px\" \/><\/figure>\n\n\n\n<pre class=\"wp-block-preformatted\">Gaming accessories<\/pre>\n\n\n\n<p>Mauspads, Mikrofone und weiteres Setup-Zubeh\u00f6r.<\/p>\n\n\n\n<div class=\"wp-block-buttons is-layout-flex wp-block-buttons-is-layout-flex\">\n<div class=\"wp-block-button\"><a class=\"wp-block-button__link has-text-align-center wp-element-button\" href=\"https:\/\/gamingklar.de\/en\/category\/gaming-zubehoer\/\" target=\"_blank\" rel=\"noreferrer noopener\">Jetzt Vergleichen<\/a><\/div>\n<\/div>\n<\/div>\n<\/div>\n\n\n\n<p><\/p>\n\n\n\n<h2 class=\"wp-block-heading\">Why GamingKlar?<\/h2>\n\n\n\n<p>We analyze gaming hardware independently and compare performance, processing and price-performance ratio.<\/p>\n\n\n\n<p>Our recommendations are based on:<\/p>\n\n\n\n<p>\u2714 Real user reviews<br>\u2714 Technical tests and data<br>\u2714 Price-performance analysis<\/p>\n\n\n\n<p>Our goal:<br>Quickly get the <strong>Best gaming hardware for your budget<\/strong> to show - without marketing blah-blah.<\/p>\n\n\n\n<div class=\"wp-block-columns is-layout-flex wp-container-core-columns-is-layout-28f84493 wp-block-columns-is-layout-flex\">\n<div class=\"wp-block-column is-layout-flow wp-block-column-is-layout-flow\">\n<h3 class=\"wp-block-heading\">Independent comparisons<\/h3>\n\n\n\n<p>We analyze functions, price-performance ratio and real user reviews.<\/p>\n<\/div>\n\n\n\n<div class=\"wp-block-column is-layout-flow wp-block-column-is-layout-flow\">\n<h3 class=\"wp-block-heading\">Clear recommendations<\/h3>\n\n\n\n<p>No endless lists - we'll show you the best options straight away.<\/p>\n<\/div>\n\n\n\n<div class=\"wp-block-column is-layout-flow wp-block-column-is-layout-flow\">\n<h3 class=\"wp-block-heading\">Always up to date<\/h3>\n\n\n\n<p>Our content is updated regularly so that you can find the best deals.<\/p>\n<\/div>\n<\/div>\n\n\n\n<h2 class=\"wp-block-heading\">Finding the perfect gaming setup - what's important?<\/h2>\n\n\n\n<p>A good gaming setup consists of more than just a powerful PC.<br>The right combination of gaming headset, keyboard, mouse, monitor and ergonomic chair ensures better performance, comfort and long-term health.<\/p>\n\n\n\n<p>While casual gamers often pay attention to price, response time, ergonomics and precision play a decisive role for ambitious players. High-quality input devices can make all the difference, especially in competitive games.<\/p>\n\n\n\n<p>On GamingKlar you'll find structured comparisons, recommendations based on budget and clear decision-making aids - so you don't have to spend hours researching.<\/p>\n\n\n\n<p>Popular categories:<br>Gaming headsets, mechanical gaming keyboards, lightweight gaming mice, 144Hz monitors, ergonomic gaming chairs and high-quality gaming accessories.<\/p>\n\n\n\n<h2 class=\"wp-block-heading\">Buying Guide<\/h2>\n\n\n\n<h3 class=\"wp-block-heading\">What you should look out for in gaming hardware<\/h3>\n\n\n\n<p>Short sections:<\/p>\n\n\n\n<p><strong>Gaming mouse<\/strong><\/p>\n\n\n\n<ul class=\"wp-block-list\">\n<li>Weight<\/li>\n\n\n\n<li>Sensor<\/li>\n\n\n\n<li>Polling rate<\/li>\n<\/ul>\n\n\n\n<p><strong>Gaming monitor<\/strong><\/p>\n\n\n\n<ul class=\"wp-block-list\">\n<li>Hz<\/li>\n\n\n\n<li>Panel<\/li>\n\n\n\n<li>Input lag<\/li>\n<\/ul>\n\n\n\n<p><strong>Gaming headset<\/strong><\/p>\n\n\n\n<ul class=\"wp-block-list\">\n<li>Sound<\/li>\n\n\n\n<li>Microphone<\/li>\n\n\n\n<li>Comfort<\/li>\n<\/ul>\n\n\n\n<p>About GamingKlar<\/p>\n\n\n\n<p>We test gaming equipment independently and compare sound quality, workmanship and price-performance ratio transparently. Our aim is to provide you with clear recommendations without marketing blah-blah.<\/p>\n\n\n\n<p>As an Amazon partner, we earn from qualified sales.<\/p>","protected":false},"excerpt":{"rendered":"<p>Die besten Gaming Setups \u2013 GamingKlar zeigt dir, welches Setup wirklich zu dir passt. Wir testen und vergleichen Gaming Hardware [&hellip;]<\/p>\n","protected":false},"author":1,"featured_media":0,"parent":0,"menu_order":0,"comment_status":"closed","ping_status":"closed","template":"","meta":{"site-sidebar-layout":"default","site-content-layout":"","ast-site-content-layout":"default","site-content-style":"default","site-sidebar-style":"default","ast-global-header-display":"","ast-banner-title-visibility":"","ast-main-header-display":"","ast-hfb-above-header-display":"","ast-hfb-below-header-display":"","ast-hfb-mobile-header-display":"","site-post-title":"","ast-breadcrumbs-content":"","ast-featured-img":"","footer-sml-layout":"","ast-disable-related-posts":"","theme-transparent-header-meta":"","adv-header-id-meta":"","stick-header-meta":"","header-above-stick-meta":"","header-main-stick-meta":"","header-below-stick-meta":"","astra-migrate-meta-layouts":"default","ast-page-background-enabled":"default","ast-page-background-meta":{"desktop":{"background-color":"var(--ast-global-color-5)","background-image":"","background-repeat":"repeat","background-position":"center center","background-size":"auto","background-attachment":"scroll","background-type":"","background-media":"","overlay-type":"","overlay-color":"","overlay-opacity":"","overlay-gradient":""},"tablet":{"background-color":"","background-image":"","background-repeat":"repeat","background-position":"center center","background-size":"auto","background-attachment":"scroll","background-type":"","background-media":"","overlay-type":"","overlay-color":"","overlay-opacity":"","overlay-gradient":""},"mobile":{"background-color":"","background-image":"","background-repeat":"repeat","background-position":"center center","background-size":"auto","background-attachment":"scroll","background-type":"","background-media":"","overlay-type":"","overlay-color":"","overlay-opacity":"","overlay-gradient":""}},"ast-content-background-meta":{"desktop":{"background-color":"var(--ast-global-color-4)","background-image":"","background-repeat":"repeat","background-position":"center center","background-size":"auto","background-attachment":"scroll","background-type":"","background-media":"","overlay-type":"","overlay-color":"","overlay-opacity":"","overlay-gradient":""},"tablet":{"background-color":"var(--ast-global-color-4)","background-image":"","background-repeat":"repeat","background-position":"center center","background-size":"auto","background-attachment":"scroll","background-type":"","background-media":"","overlay-type":"","overlay-color":"","overlay-opacity":"","overlay-gradient":""},"mobile":{"background-color":"var(--ast-global-color-4)","background-image":"","background-repeat":"repeat","background-position":"center center","background-size":"auto","background-attachment":"scroll","background-type":"","background-media":"","overlay-type":"","overlay-color":"","overlay-opacity":"","overlay-gradient":""}},"footnotes":""},"class_list":["post-15","page","type-page","status-publish","hentry"],"_links":{"self":[{"href":"https:\/\/gamingklar.de\/en\/wp-json\/wp\/v2\/pages\/15","targetHints":{"allow":["GET"]}}],"collection":[{"href":"https:\/\/gamingklar.de\/en\/wp-json\/wp\/v2\/pages"}],"about":[{"href":"https:\/\/gamingklar.de\/en\/wp-json\/wp\/v2\/types\/page"}],"author":[{"embeddable":true,"href":"https:\/\/gamingklar.de\/en\/wp-json\/wp\/v2\/users\/1"}],"replies":[{"embeddable":true,"href":"https:\/\/gamingklar.de\/en\/wp-json\/wp\/v2\/comments?post=15"}],"version-history":[{"count":26,"href":"https:\/\/gamingklar.de\/en\/wp-json\/wp\/v2\/pages\/15\/revisions"}],"predecessor-version":[{"id":557,"href":"https:\/\/gamingklar.de\/en\/wp-json\/wp\/v2\/pages\/15\/revisions\/557"}],"wp:attachment":[{"href":"https:\/\/gamingklar.de\/en\/wp-json\/wp\/v2\/media?parent=15"}],"curies":[{"name":"wp","href":"https:\/\/api.w.org\/{rel}","templated":true}]}}